{"id":5,"date":"2025-09-06T17:39:28","date_gmt":"2025-09-06T15:39:28","guid":{"rendered":"https:\/\/axisacademy.info\/?page_id=5"},"modified":"2025-09-18T17:55:08","modified_gmt":"2025-09-18T15:55:08","slug":"home","status":"publish","type":"page","link":"https:\/\/axisacademy.info\/","title":{"rendered":"Home"},"content":{"rendered":"<p>[et_pb_section fb_built=&#8220;1&#8243; _builder_version=&#8220;4.27.4&#8243; _module_preset=&#8220;default&#8220; background_color=&#8220;rgba(255,255,255,0)&#8220; hover_enabled=&#8220;0&#8243; global_colors_info=&#8220;{}&#8220; sticky_enabled=&#8220;0&#8243;][et_pb_row use_custom_gutter=&#8220;on&#8220; gutter_width=&#8220;1&#8243; _builder_version=&#8220;4.27.4&#8243; _module_preset=&#8220;default&#8220; width_tablet=&#8220;90%&#8220; width_phone=&#8220;90%&#8220; width_last_edited=&#8220;on|tablet&#8220; module_alignment=&#8220;left&#8220; custom_margin=&#8220;||||false|false&#8220; custom_margin_tablet=&#8220;||||false|false&#8220; custom_margin_phone=&#8220;||||false|false&#8220; custom_margin_last_edited=&#8220;on|desktop&#8220; custom_padding=&#8220;||||false|false&#8220; hover_enabled=&#8220;0&#8243; module_alignment_tablet=&#8220;center&#8220; module_alignment_phone=&#8220;center&#8220; module_alignment_last_edited=&#8220;on|desktop&#8220; global_colors_info=&#8220;{}&#8220; sticky_enabled=&#8220;0&#8243;][et_pb_column type=&#8220;4_4&#8243; _builder_version=&#8220;4.27.4&#8243; _module_preset=&#8220;default&#8220; custom_padding=&#8220;||||false|false&#8220; global_colors_info=&#8220;{}&#8220;][et_pb_image src=&#8220;https:\/\/axisacademy.info\/wp-content\/uploads\/2025\/09\/axis-academy-logo-transparent-1.png&#8220; title_text=&#8220;axis-academy-logo-transparent&#8220; align_tablet=&#8220;right&#8220; align_phone=&#8220;center&#8220; align_last_edited=&#8220;on|tablet&#8220; _builder_version=&#8220;4.27.4&#8243; _module_preset=&#8220;default&#8220; max_height=&#8220;10em&#8220; max_height_tablet=&#8220;10em&#8220; max_height_phone=&#8220;6em&#8220; max_height_last_edited=&#8220;on|phone&#8220; custom_margin=&#8220;|||7em|false|false&#8220; custom_margin_tablet=&#8220;1em|||2.5em|false|false&#8220; custom_margin_phone=&#8220;|||0em|false|false&#8220; custom_margin_last_edited=&#8220;on|tablet&#8220; custom_padding=&#8220;||||false|false&#8220; custom_css_main_element=&#8220;float: left;&#8220; global_colors_info=&#8220;{}&#8220;][\/et_pb_image][et_pb_text _builder_version=&#8220;4.27.4&#8243; _module_preset=&#8220;default&#8220; header_font=&#8220;|||on|||||&#8220; header_text_align=&#8220;left&#8220; header_font_size=&#8220;5em&#8220; custom_margin=&#8220;3em||||false|false&#8220; custom_margin_tablet=&#8220;3em||||false|false&#8220; custom_margin_phone=&#8220;||||false|false&#8220; custom_margin_last_edited=&#8220;on|tablet&#8220; custom_padding=&#8220;||||false|false&#8220; text_font_size_tablet=&#8220;&#8220; text_font_size_phone=&#8220;&#8220; text_font_size_last_edited=&#8220;on|tablet&#8220; header_text_align_tablet=&#8220;center&#8220; header_text_align_phone=&#8220;center&#8220; header_text_align_last_edited=&#8220;on|tablet&#8220; header_font_size_tablet=&#8220;4em&#8220; header_font_size_phone=&#8220;2em&#8220; header_font_size_last_edited=&#8220;on|phone&#8220; text_orientation_tablet=&#8220;left&#8220; text_orientation_phone=&#8220;center&#8220; text_orientation_last_edited=&#8220;on|tablet&#8220; module_alignment_tablet=&#8220;center&#8220; module_alignment_phone=&#8220;center&#8220; module_alignment_last_edited=&#8220;on|desktop&#8220; global_colors_info=&#8220;{}&#8220;]<\/p>\n<h1>Axis Academy<\/h1>\n<p>[\/et_pb_text][\/et_pb_column][\/et_pb_row][et_pb_row custom_padding_last_edited=&#8220;on|phone&#8220; _builder_version=&#8220;4.27.4&#8243; _module_preset=&#8220;default&#8220; module_alignment=&#8220;left&#8220; custom_margin=&#8220;||||false|false&#8220; custom_padding=&#8220;|||5em|false|false&#8220; custom_padding_tablet=&#8220;|||5em|false|false&#8220; custom_padding_phone=&#8220;|||1em|false|false&#8220; hover_enabled=&#8220;0&#8243; global_colors_info=&#8220;{}&#8220; sticky_enabled=&#8220;0&#8243;][et_pb_column type=&#8220;4_4&#8243; _builder_version=&#8220;4.27.4&#8243; _module_preset=&#8220;default&#8220; global_colors_info=&#8220;{}&#8220;][et_pb_text _builder_version=&#8220;4.27.4&#8243; _module_preset=&#8220;default&#8220; header_2_font=&#8220;|600|||||||&#8220; header_2_line_height=&#8220;1.3em&#8220; module_alignment=&#8220;left&#8220; hover_enabled=&#8220;0&#8243; global_colors_info=&#8220;{}&#8220; sticky_enabled=&#8220;0&#8243;]<\/p>\n<h2>AXIS ACADEMY<br \/>for connecting consciousness &amp; integral scienceART \u2013 Switzerland<\/h2>\n<p>[\/et_pb_text][et_pb_text _builder_version=&#8220;4.27.4&#8243; _module_preset=&#8220;default&#8220; header_2_font=&#8220;|600|||||||&#8220; header_2_line_height=&#8220;1.3em&#8220; width=&#8220;80%&#8220; hover_enabled=&#8220;0&#8243; global_colors_info=&#8220;{}&#8220; sticky_enabled=&#8220;0&#8243;]<\/p>\n<p>On March 21, 2025, the Axis Academy was founded during an event dedicated to researching the Sri Yantra. It is based in Dr. Elisabeth Welz&#8217;s mathematics atelier near Basel.<br \/>The Axis Academy generates, concentrates, and imparts holistic knowledge. In addition, its focus is on promoting mental, spiritual, and emotional autonomy and creativity.<br \/>Axis Academy is not only about imparting knowledge, but also about experiencing inner balance and centeredness. This centeredness is more than just a concept derived from philosophical traditions; it is a real state of being, a quality of consciousness associated with stability, neutrality, and mindfulness.<br \/>A holistic worldview that combines the human and natural sciences forms the basis of the Academy. Its main subjects of study are mathematics and meditation, geometry and philosophy, phenomenology, cybernetics, fine arts, and body awareness.<\/p>\n<h2>Contact \/ Kontakt<\/h2>\n<p>Vera Koppehel<\/p>\n<p><a href=\"https:\/\/arte-vera.com\/\">www.arte-vera.com<\/a><\/p>\n<p><a href=\"mailto:vera@arte-vera.com\">vera@arte-vera.com<\/a><\/p>\n<p>Adam Tomasz Marcin Fudala<\/p>\n<p><a href=\"https:\/\/www.artchemy.org\/\">www.fudala.org<\/a><\/p>\n<p><a href=\"mailto:art@fudala.org\">art@fudala.org<\/a><\/p>\n<p>Am 21. M\u00e4rz 2025 wurde im Rahmen einer Veranstaltung zur umfangreichen Erforschung des Sri Yantras die Axis Academy ins Leben gerufen. Sie hat ihre Basisstation im Mathematikatelier von Dr. Elisabeth Welz in der N\u00e4he von Basel.<br \/>Die Axis Academy generiert, konzentriert und vermittelt ganzheitliches Wissen. Dar\u00fcber hinaus liegt ihr Schwerpunkt auf der F\u00f6rderung der mentalen, spirituellen und emotionalen Autonomie und Kreativit\u00e4t.<br \/>Bei der Axis Academy geht es nicht nur um die Vermittlung von Wissen, sondern auch um das Erleben der innerer Ausgeglichenheit und Zentriertheit. Diese Zentriertheit ist mehr als nur ein aus philosophischen Traditionen abgeleitetes Konzept, es ist ein realer Seinszustand, eine Bewusstseinsqualit\u00e4t, die mit Stabilit\u00e4t, Neutralit\u00e4t und Achtsamkeit verbunden ist.<br \/>Eine ganzheitliche Weltanschauung, die Geistes- und Naturwissenschaften verbindet, bildet die Grundlage der Academy. Ihre Hauptstudienf\u00e4cher sind Mathematik und Meditation, Geometrie und Philosophie, Ph\u00e4nomenologie, Kybernetik, Bildende Kunst und K\u00f6rperbewusstsein.<\/p>\n<p>[\/et_pb_text][\/et_pb_column][\/et_pb_row][\/et_pb_section]<\/p>\n","protected":false},"excerpt":{"rendered":"<p>Axis AcademyAXIS ACADEMYfor connecting consciousness &amp; integral scienceART \u2013 SwitzerlandOn March 21, 2025, the Axis Academy was founded during an event dedicated to researching the Sri Yantra. It is based in Dr. Elisabeth Welz&#8217;s mathematics atelier near Basel.The Axis Academy generates, concentrates, and imparts holistic knowledge. In addition, its focus is on promoting mental, spiritual, [&hellip;]<\/p>\n","protected":false},"author":1,"featured_media":0,"parent":0,"menu_order":0,"comment_status":"closed","ping_status":"closed","template":"","meta":{"_et_pb_use_builder":"on","_et_pb_old_content":"","_et_gb_content_width":"","footnotes":""},"class_list":["post-5","page","type-page","status-publish","hentry"],"_links":{"self":[{"href":"https:\/\/axisacademy.info\/index.php?rest_route=\/wp\/v2\/pages\/5","targetHints":{"allow":["GET"]}}],"collection":[{"href":"https:\/\/axisacademy.info\/index.php?rest_route=\/wp\/v2\/pages"}],"about":[{"href":"https:\/\/axisacademy.info\/index.php?rest_route=\/wp\/v2\/types\/page"}],"author":[{"embeddable":true,"href":"https:\/\/axisacademy.info\/index.php?rest_route=\/wp\/v2\/users\/1"}],"replies":[{"embeddable":true,"href":"https:\/\/axisacademy.info\/index.php?rest_route=%2Fwp%2Fv2%2Fcomments&post=5"}],"version-history":[{"count":16,"href":"https:\/\/axisacademy.info\/index.php?rest_route=\/wp\/v2\/pages\/5\/revisions"}],"predecessor-version":[{"id":83,"href":"https:\/\/axisacademy.info\/index.php?rest_route=\/wp\/v2\/pages\/5\/revisions\/83"}],"wp:attachment":[{"href":"https:\/\/axisacademy.info\/index.php?rest_route=%2Fwp%2Fv2%2Fmedia&parent=5"}],"curies":[{"name":"wp","href":"https:\/\/api.w.org\/{rel}","templated":true}]}}